{"id":2076,"date":"2020-10-21T08:49:48","date_gmt":"2020-10-21T12:49:48","guid":{"rendered":"https:\/\/track.erod.ca\/blogue\/"},"modified":"2025-03-04T15:10:38","modified_gmt":"2025-03-04T20:10:38","slug":"blog","status":"publish","type":"page","link":"http:\/\/3.99.116.8\/en\/blog\/","title":{"rendered":"Blog"},"content":{"rendered":"\t\t<div data-elementor-type=\"wp-page\" data-elementor-id=\"2076\" class=\"elementor elementor-2076 elementor-502\" data-elementor-post-type=\"page\">\n\t\t\t\t\t\t<header data-bdt-sticky=\"animation: bdt-animation-slide-top; top: 100;position: start\" class=\"bdt-sticky elementor-section elementor-top-section elementor-element elementor-element-634ecc8 elementor-hidden-desktop elementor-hidden-tablet elementor-section-height-min-height elementor-section-boxed elementor-section-height-default elementor-section-items-middle\" data-id=\"634ecc8\" data-element_type=\"section\" data-settings=\"{&quot;background_background&quot;:&quot;classic&quot;}\">\n\t\t\t\t\t\t<div class=\"elementor-container elementor-column-gap-default\">\n\t\t\t\t\t<div class=\"elementor-column elementor-col-33 elementor-top-column elementor-element elementor-element-1bb978d\" data-id=\"1bb978d\" data-element_type=\"column\">\n\t\t\t<div class=\"elementor-widget-wrap elementor-element-populated\">\n\t\t\t\t\t\t<div class=\"elementor-element elementor-element-9b1be3c elementor-widget elementor-widget-image\" data-id=\"9b1be3c\" data-element_type=\"widget\" data-widget_type=\"image.default\">\n\t\t\t\t<div class=\"elementor-widget-container\">\n\t\t\t\t\t\t\t\t\t\t\t\t\t\t\t\t<a href=\"\/en\">\n\t\t\t\t\t\t\t<img fetchpriority=\"high\" decoding=\"async\" width=\"214\" height=\"283\" src=\"http:\/\/3.99.116.8\/wp-content\/uploads\/2025\/03\/logo-track-sticky.png\" class=\"attachment-large size-large wp-image-3287\" alt=\"\" \/>\t\t\t\t\t\t\t\t<\/a>\n\t\t\t\t\t\t\t\t\t\t\t\t\t\t\t<\/div>\n\t\t\t\t<\/div>\n\t\t\t\t\t<\/div>\n\t\t<\/div>\n\t\t\t\t<div class=\"elementor-column elementor-col-33 elementor-top-column elementor-element elementor-element-6edbf5d\" data-id=\"6edbf5d\" data-element_type=\"column\">\n\t\t\t<div class=\"elementor-widget-wrap elementor-element-populated\">\n\t\t\t\t\t\t<div class=\"elementor-element elementor-element-60602f2 elementor-mobile-align-center elementor-icon-list--layout-traditional elementor-list-item-link-full_width elementor-widget elementor-widget-icon-list\" data-id=\"60602f2\" data-element_type=\"widget\" data-widget_type=\"icon-list.default\">\n\t\t\t\t<div class=\"elementor-widget-container\">\n\t\t\t\t\t\t\t<ul class=\"elementor-icon-list-items\">\n\t\t\t\t\t\t\t<li class=\"elementor-icon-list-item\">\n\t\t\t\t\t\t\t\t\t\t\t<a href=\"https:\/\/www.trackgarantie.com\/marchands\/\">\n\n\t\t\t\t\t\t\t\t\t\t\t<span class=\"elementor-icon-list-text\">Dealers<\/span>\n\t\t\t\t\t\t\t\t\t\t\t<\/a>\n\t\t\t\t\t\t\t\t\t<\/li>\n\t\t\t\t\t\t\t\t<li class=\"elementor-icon-list-item\">\n\t\t\t\t\t\t\t\t\t\t\t<a href=\"tel:1-800-463-3777\">\n\n\t\t\t\t\t\t\t\t\t\t\t<span class=\"elementor-icon-list-text\">1 800 463.3777<\/span>\n\t\t\t\t\t\t\t\t\t\t\t<\/a>\n\t\t\t\t\t\t\t\t\t<\/li>\n\t\t\t\t\t\t<\/ul>\n\t\t\t\t\t\t<\/div>\n\t\t\t\t<\/div>\n\t\t\t\t\t<\/div>\n\t\t<\/div>\n\t\t\t\t<div class=\"elementor-column elementor-col-33 elementor-top-column elementor-element elementor-element-d36099b\" data-id=\"d36099b\" data-element_type=\"column\">\n\t\t\t<div class=\"elementor-widget-wrap elementor-element-populated\">\n\t\t\t\t\t\t<div class=\"elementor-element elementor-element-d0ac32c elementor-nav-menu--stretch elementor-nav-menu__text-align-center elementor-nav-menu--dropdown-tablet elementor-nav-menu--toggle elementor-nav-menu--burger elementor-widget elementor-widget-nav-menu\" data-id=\"d0ac32c\" data-element_type=\"widget\" data-settings=\"{&quot;full_width&quot;:&quot;stretch&quot;,&quot;_animation_mobile&quot;:&quot;none&quot;,&quot;layout&quot;:&quot;horizontal&quot;,&quot;submenu_icon&quot;:{&quot;value&quot;:&quot;&lt;i class=\\&quot;fas fa-caret-down\\&quot;&gt;&lt;\\\/i&gt;&quot;,&quot;library&quot;:&quot;fa-solid&quot;},&quot;toggle&quot;:&quot;burger&quot;}\" data-widget_type=\"nav-menu.default\">\n\t\t\t\t<div class=\"elementor-widget-container\">\n\t\t\t\t\t\t\t\t<nav class=\"elementor-nav-menu--main elementor-nav-menu__container elementor-nav-menu--layout-horizontal e--pointer-underline e--animation-fade\">\n\t\t\t\t<ul id=\"menu-1-d0ac32c\" class=\"elementor-nav-menu\"><li class=\"menu-item menu-item-type-post_type menu-item-object-page menu-item-2097\"><a href=\"http:\/\/3.99.116.8\/en\/about-us\/\" class=\"elementor-item\">About us<\/a><\/li>\n<li class=\"menu-item menu-item-type-post_type menu-item-object-page menu-item-2092\"><a href=\"http:\/\/3.99.116.8\/en\/protection-plans\/\" class=\"elementor-item\">Protection plans<\/a><\/li>\n<li class=\"menu-item menu-item-type-post_type menu-item-object-page menu-item-2096\"><a href=\"http:\/\/3.99.116.8\/en\/blog\/\" class=\"elementor-item\">Blog<\/a><\/li>\n<li class=\"menu-item menu-item-type-post_type menu-item-object-page menu-item-2095\"><a href=\"http:\/\/3.99.116.8\/en\/contact\/\" class=\"elementor-item\">Contact<\/a><\/li>\n<li class=\"menu-mobile faq menu-item menu-item-type-post_type menu-item-object-page menu-item-2093\"><a href=\"http:\/\/3.99.116.8\/en\/faq\/\" class=\"elementor-item\">FAQ<\/a><\/li>\n<li class=\"menu-item wpml-ls-slot-19 wpml-ls-item wpml-ls-item-fr wpml-ls-menu-item wpml-ls-first-item wpml-ls-last-item menu-item-type-wpml_ls_menu_item menu-item-object-wpml_ls_menu_item menu-item-wpml-ls-19-fr\"><a title=\"Switch to FR\" href=\"http:\/\/3.99.116.8\/\" aria-label=\"Switch to FR\" role=\"menuitem\" class=\"elementor-item\"><span class=\"wpml-ls-display\">FR<\/span><\/a><\/li>\n<\/ul>\t\t\t<\/nav>\n\t\t\t\t\t<div class=\"elementor-menu-toggle\" role=\"button\" tabindex=\"0\" aria-label=\"Menu Toggle\" aria-expanded=\"false\">\n\t\t\t<i aria-hidden=\"true\" role=\"presentation\" class=\"elementor-menu-toggle__icon--open eicon-menu-bar\"><\/i><i aria-hidden=\"true\" role=\"presentation\" class=\"elementor-menu-toggle__icon--close eicon-close\"><\/i>\t\t\t<span class=\"elementor-screen-only\">Menu<\/span>\n\t\t<\/div>\n\t\t\t\t\t<nav class=\"elementor-nav-menu--dropdown elementor-nav-menu__container\" aria-hidden=\"true\">\n\t\t\t\t<ul id=\"menu-2-d0ac32c\" class=\"elementor-nav-menu\"><li class=\"menu-item menu-item-type-post_type menu-item-object-page menu-item-2097\"><a href=\"http:\/\/3.99.116.8\/en\/about-us\/\" class=\"elementor-item\" tabindex=\"-1\">About us<\/a><\/li>\n<li class=\"menu-item menu-item-type-post_type menu-item-object-page menu-item-2092\"><a href=\"http:\/\/3.99.116.8\/en\/protection-plans\/\" class=\"elementor-item\" tabindex=\"-1\">Protection plans<\/a><\/li>\n<li class=\"menu-item menu-item-type-post_type menu-item-object-page menu-item-2096\"><a href=\"http:\/\/3.99.116.8\/en\/blog\/\" class=\"elementor-item\" tabindex=\"-1\">Blog<\/a><\/li>\n<li class=\"menu-item menu-item-type-post_type menu-item-object-page menu-item-2095\"><a href=\"http:\/\/3.99.116.8\/en\/contact\/\" class=\"elementor-item\" tabindex=\"-1\">Contact<\/a><\/li>\n<li class=\"menu-mobile faq menu-item menu-item-type-post_type menu-item-object-page menu-item-2093\"><a href=\"http:\/\/3.99.116.8\/en\/faq\/\" class=\"elementor-item\" tabindex=\"-1\">FAQ<\/a><\/li>\n<li class=\"menu-item wpml-ls-slot-19 wpml-ls-item wpml-ls-item-fr wpml-ls-menu-item wpml-ls-first-item wpml-ls-last-item menu-item-type-wpml_ls_menu_item menu-item-object-wpml_ls_menu_item menu-item-wpml-ls-19-fr\"><a title=\"Switch to FR\" href=\"http:\/\/3.99.116.8\/\" aria-label=\"Switch to FR\" role=\"menuitem\" class=\"elementor-item\" tabindex=\"-1\"><span class=\"wpml-ls-display\">FR<\/span><\/a><\/li>\n<\/ul>\t\t\t<\/nav>\n\t\t\t\t\t\t<\/div>\n\t\t\t\t<\/div>\n\t\t\t\t\t<\/div>\n\t\t<\/div>\n\t\t\t\t\t<\/div>\n\t\t<\/header>\n\t\t\t\t<section class=\"elementor-section elementor-top-section elementor-element elementor-element-e789472 elementor-section-boxed elementor-section-height-default elementor-section-height-default\" data-id=\"e789472\" data-element_type=\"section\">\n\t\t\t\t\t\t<div class=\"elementor-container elementor-column-gap-default\">\n\t\t\t\t\t<div class=\"elementor-column elementor-col-100 elementor-top-column elementor-element elementor-element-85afd9d\" data-id=\"85afd9d\" data-element_type=\"column\">\n\t\t\t<div class=\"elementor-widget-wrap elementor-element-populated\">\n\t\t\t\t\t\t<div class=\"elementor-element elementor-element-2300964 elementor-widget elementor-widget-heading\" data-id=\"2300964\" data-element_type=\"widget\" data-widget_type=\"heading.default\">\n\t\t\t\t<div class=\"elementor-widget-container\">\n\t\t\t\t\t<h1 class=\"elementor-heading-title elementor-size-default\">Blog<\/h1>\t\t\t\t<\/div>\n\t\t\t\t<\/div>\n\t\t\t\t\t<\/div>\n\t\t<\/div>\n\t\t\t\t\t<\/div>\n\t\t<\/section>\n\t\t\t\t<section class=\"elementor-section elementor-top-section elementor-element elementor-element-6bf3dc2 elementor-section-boxed elementor-section-height-default elementor-section-height-default\" data-id=\"6bf3dc2\" data-element_type=\"section\">\n\t\t\t\t\t\t<div class=\"elementor-container elementor-column-gap-default\">\n\t\t\t\t\t<div class=\"elementor-column elementor-col-100 elementor-top-column elementor-element elementor-element-68574ef\" data-id=\"68574ef\" data-element_type=\"column\">\n\t\t\t<div class=\"elementor-widget-wrap elementor-element-populated\">\n\t\t\t\t\t\t<div class=\"elementor-element elementor-element-f55391b elementor-grid-3 elementor-grid-tablet-2 elementor-grid-mobile-1 elementor-posts--thumbnail-top elementor-widget elementor-widget-posts\" data-id=\"f55391b\" data-element_type=\"widget\" data-settings=\"{&quot;classic_row_gap&quot;:{&quot;unit&quot;:&quot;px&quot;,&quot;size&quot;:88,&quot;sizes&quot;:[]},&quot;classic_columns&quot;:&quot;3&quot;,&quot;classic_columns_tablet&quot;:&quot;2&quot;,&quot;classic_columns_mobile&quot;:&quot;1&quot;,&quot;classic_row_gap_tablet&quot;:{&quot;unit&quot;:&quot;px&quot;,&quot;size&quot;:&quot;&quot;,&quot;sizes&quot;:[]},&quot;classic_row_gap_mobile&quot;:{&quot;unit&quot;:&quot;px&quot;,&quot;size&quot;:&quot;&quot;,&quot;sizes&quot;:[]}}\" data-widget_type=\"posts.classic\">\n\t\t\t\t<div class=\"elementor-widget-container\">\n\t\t\t\t\t\t\t<div class=\"elementor-posts-container elementor-posts elementor-posts--skin-classic elementor-grid\">\n\t\t\t\t<article class=\"elementor-post elementor-grid-item post-2120 post type-post status-publish format-standard has-post-thumbnail hentry category-uncategorized\">\n\t\t\t\t<a class=\"elementor-post__thumbnail__link\" href=\"http:\/\/3.99.116.8\/en\/blogue\/5-good-reasons-to-buy-a-used-vehicle\/\" tabindex=\"-1\" >\n\t\t\t<div class=\"elementor-post__thumbnail\"><img decoding=\"async\" width=\"344\" height=\"286\" src=\"http:\/\/3.99.116.8\/wp-content\/uploads\/2020\/10\/quoi-de-neuf-checkbox.png\" class=\"attachment-full size-full wp-image-1966\" alt=\"\" srcset=\"http:\/\/3.99.116.8\/wp-content\/uploads\/2020\/10\/quoi-de-neuf-checkbox.png 344w, http:\/\/3.99.116.8\/wp-content\/uploads\/2020\/10\/quoi-de-neuf-checkbox-300x249.png 300w\" sizes=\"(max-width: 344px) 100vw, 344px\" \/><\/div>\n\t\t<\/a>\n\t\t\t\t<div class=\"elementor-post__text\">\n\t\t\t\t<h3 class=\"elementor-post__title\">\n\t\t\t<a href=\"http:\/\/3.99.116.8\/en\/blogue\/5-good-reasons-to-buy-a-used-vehicle\/\" >\n\t\t\t\t5 Good Reasons to Buy a Used Vehicle\t\t\t<\/a>\n\t\t<\/h3>\n\t\t\n\t\t<a class=\"elementor-post__read-more\" href=\"http:\/\/3.99.116.8\/en\/blogue\/5-good-reasons-to-buy-a-used-vehicle\/\" aria-label=\"Read more about 5 Good Reasons to Buy a Used Vehicle\" tabindex=\"-1\" >\n\t\t\tRead more\t\t<\/a>\n\n\t\t\t\t<\/div>\n\t\t\t\t<\/article>\n\t\t\t\t<article class=\"elementor-post elementor-grid-item post-2117 post type-post status-publish format-standard has-post-thumbnail hentry category-uncategorized\">\n\t\t\t\t<a class=\"elementor-post__thumbnail__link\" href=\"http:\/\/3.99.116.8\/en\/blogue\/why-you-should-say-yes-to-the-extended-warranty\/\" tabindex=\"-1\" >\n\t\t\t<div class=\"elementor-post__thumbnail\"><img decoding=\"async\" width=\"344\" height=\"286\" src=\"http:\/\/3.99.116.8\/wp-content\/uploads\/2020\/10\/quoi-de-neuf-carte.png\" class=\"attachment-full size-full wp-image-1968\" alt=\"\" srcset=\"http:\/\/3.99.116.8\/wp-content\/uploads\/2020\/10\/quoi-de-neuf-carte.png 344w, http:\/\/3.99.116.8\/wp-content\/uploads\/2020\/10\/quoi-de-neuf-carte-300x249.png 300w\" sizes=\"(max-width: 344px) 100vw, 344px\" \/><\/div>\n\t\t<\/a>\n\t\t\t\t<div class=\"elementor-post__text\">\n\t\t\t\t<h3 class=\"elementor-post__title\">\n\t\t\t<a href=\"http:\/\/3.99.116.8\/en\/blogue\/why-you-should-say-yes-to-the-extended-warranty\/\" >\n\t\t\t\tWhy You Should Say \u201cYes\u201d to the Extended Warranty\t\t\t<\/a>\n\t\t<\/h3>\n\t\t\n\t\t<a class=\"elementor-post__read-more\" href=\"http:\/\/3.99.116.8\/en\/blogue\/why-you-should-say-yes-to-the-extended-warranty\/\" aria-label=\"Read more about Why You Should Say \u201cYes\u201d to the Extended Warranty\" tabindex=\"-1\" >\n\t\t\tRead more\t\t<\/a>\n\n\t\t\t\t<\/div>\n\t\t\t\t<\/article>\n\t\t\t\t<article class=\"elementor-post elementor-grid-item post-2114 post type-post status-publish format-standard has-post-thumbnail hentry category-uncategorized\">\n\t\t\t\t<a class=\"elementor-post__thumbnail__link\" href=\"http:\/\/3.99.116.8\/en\/blogue\/buying-a-used-car-how-to-choose\/\" tabindex=\"-1\" >\n\t\t\t<div class=\"elementor-post__thumbnail\"><img decoding=\"async\" width=\"344\" height=\"286\" src=\"http:\/\/3.99.116.8\/wp-content\/uploads\/2020\/10\/quoi-de-neuf-checkbox.png\" class=\"attachment-full size-full wp-image-1966\" alt=\"\" srcset=\"http:\/\/3.99.116.8\/wp-content\/uploads\/2020\/10\/quoi-de-neuf-checkbox.png 344w, http:\/\/3.99.116.8\/wp-content\/uploads\/2020\/10\/quoi-de-neuf-checkbox-300x249.png 300w\" sizes=\"(max-width: 344px) 100vw, 344px\" \/><\/div>\n\t\t<\/a>\n\t\t\t\t<div class=\"elementor-post__text\">\n\t\t\t\t<h3 class=\"elementor-post__title\">\n\t\t\t<a href=\"http:\/\/3.99.116.8\/en\/blogue\/buying-a-used-car-how-to-choose\/\" >\n\t\t\t\tBuying a Used Car: How to Choose?\t\t\t<\/a>\n\t\t<\/h3>\n\t\t\n\t\t<a class=\"elementor-post__read-more\" href=\"http:\/\/3.99.116.8\/en\/blogue\/buying-a-used-car-how-to-choose\/\" aria-label=\"Read more about Buying a Used Car: How to Choose?\" tabindex=\"-1\" >\n\t\t\tRead more\t\t<\/a>\n\n\t\t\t\t<\/div>\n\t\t\t\t<\/article>\n\t\t\t\t<\/div>\n\t\t\n\t\t\t\t\t\t<\/div>\n\t\t\t\t<\/div>\n\t\t\t\t\t<\/div>\n\t\t<\/div>\n\t\t\t\t\t<\/div>\n\t\t<\/section>\n\t\t\t\t<section class=\"elementor-section elementor-top-section elementor-element elementor-element-548c833 elementor-section-full_width elementor-section-height-default elementor-section-height-default\" data-id=\"548c833\" data-element_type=\"section\">\n\t\t\t\t\t\t<div class=\"elementor-container elementor-column-gap-no\">\n\t\t\t\t\t<div class=\"elementor-column elementor-col-100 elementor-top-column elementor-element elementor-element-b8f4f94\" data-id=\"b8f4f94\" data-element_type=\"column\">\n\t\t\t<div class=\"elementor-widget-wrap elementor-element-populated\">\n\t\t\t\t\t\t<div class=\"elementor-element elementor-element-459853c elementor-widget elementor-widget-template\" data-id=\"459853c\" data-element_type=\"widget\" data-widget_type=\"template.default\">\n\t\t\t\t<div class=\"elementor-widget-container\">\n\t\t\t\t\t\t\t<div class=\"elementor-template\">\n\t\t\t\t\t<div data-elementor-type=\"section\" data-elementor-id=\"2135\" class=\"elementor elementor-2135 elementor-472\" data-elementor-post-type=\"elementor_library\">\n\t\t\t\t\t<section class=\"elementor-section elementor-top-section elementor-element elementor-element-2f467fd6 elementor-section-height-min-height elementor-section-boxed elementor-section-height-default elementor-section-items-middle\" data-id=\"2f467fd6\" data-element_type=\"section\" data-settings=\"{&quot;background_background&quot;:&quot;classic&quot;}\">\n\t\t\t\t\t\t<div class=\"elementor-container elementor-column-gap-default\">\n\t\t\t\t\t<div class=\"elementor-column elementor-col-100 elementor-top-column elementor-element elementor-element-415f8aa2\" data-id=\"415f8aa2\" data-element_type=\"column\">\n\t\t\t<div class=\"elementor-widget-wrap elementor-element-populated\">\n\t\t\t\t\t\t<section class=\"elementor-section elementor-inner-section elementor-element elementor-element-3114a502 elementor-section-boxed elementor-section-height-default elementor-section-height-default\" data-id=\"3114a502\" data-element_type=\"section\">\n\t\t\t\t\t\t<div class=\"elementor-container elementor-column-gap-default\">\n\t\t\t\t\t<div class=\"elementor-column elementor-col-50 elementor-inner-column elementor-element elementor-element-3f6841ff\" data-id=\"3f6841ff\" data-element_type=\"column\">\n\t\t\t<div class=\"elementor-widget-wrap elementor-element-populated\">\n\t\t\t\t\t\t<div class=\"elementor-element elementor-element-37e6ab8b elementor-widget elementor-widget-text-editor\" data-id=\"37e6ab8b\" data-element_type=\"widget\" data-widget_type=\"text-editor.default\">\n\t\t\t\t<div class=\"elementor-widget-container\">\n\t\t\t\t\t\t\t\t\t<p>Enjoy the <br><span class=\"custom-dot dot-blue\">road<\/span> We&#8217;ll take<br><a href=\"\/en\/contact\/\"><span class=\"custom-dot dot-blue\">care of the rest<\/span><\/a><\/p>\t\t\t\t\t\t\t\t<\/div>\n\t\t\t\t<\/div>\n\t\t\t\t\t<\/div>\n\t\t<\/div>\n\t\t\t\t<div class=\"elementor-column elementor-col-50 elementor-inner-column elementor-element elementor-element-3efabbe2\" data-id=\"3efabbe2\" data-element_type=\"column\">\n\t\t\t<div class=\"elementor-widget-wrap\">\n\t\t\t\t\t\t\t<\/div>\n\t\t<\/div>\n\t\t\t\t\t<\/div>\n\t\t<\/section>\n\t\t\t\t\t<\/div>\n\t\t<\/div>\n\t\t\t\t\t<\/div>\n\t\t<\/section>\n\t\t\t\t<\/div>\n\t\t\t\t<\/div>\n\t\t\t\t\t\t<\/div>\n\t\t\t\t<\/div>\n\t\t\t\t\t<\/div>\n\t\t<\/div>\n\t\t\t\t\t<\/div>\n\t\t<\/section>\n\t\t\t\t<\/div>\n\t\t","protected":false},"excerpt":{"rendered":"<p>Dealers 1 800 463.3777 Blog<\/p>\n","protected":false},"author":1,"featured_media":0,"parent":0,"menu_order":0,"comment_status":"closed","ping_status":"closed","template":"elementor_header_footer","meta":{"_acf_changed":false,"inline_featured_image":false,"footnotes":""},"acf":[],"yoast_head":"<!-- This site is optimized with the Yoast SEO plugin v24.5 - https:\/\/yoast.com\/wordpress\/plugins\/seo\/ -->\n<title>Blog : Garanties prolong\u00e9es pour v\u00e9hicules usag\u00e9s | Track Garantie<\/title>\n<meta name=\"description\" content=\"Blog: Extended Warranties for Used Vehicles | Track Guarantee\" \/>\n<meta name=\"robots\" content=\"index, follow, max-snippet:-1, max-image-preview:large, max-video-preview:-1\" \/>\n<link rel=\"canonical\" href=\"http:\/\/3.99.116.8\/en\/blog\/\" \/>\n<meta property=\"og:locale\" content=\"en_US\" \/>\n<meta property=\"og:type\" content=\"article\" \/>\n<meta property=\"og:title\" content=\"Blog : Garanties prolong\u00e9es pour v\u00e9hicules usag\u00e9s | Track Garantie\" \/>\n<meta property=\"og:description\" content=\"Blog: Extended Warranties for Used Vehicles | Track Guarantee\" \/>\n<meta property=\"og:url\" content=\"http:\/\/3.99.116.8\/en\/blog\/\" \/>\n<meta property=\"og:site_name\" content=\"Track Garantie\" \/>\n<meta property=\"article:modified_time\" content=\"2025-03-04T20:10:38+00:00\" \/>\n<meta property=\"og:image\" content=\"http:\/\/www.trackgarantie.com\/wp-content\/uploads\/2025\/03\/logo-track-sticky.png\" \/>\n<meta name=\"twitter:card\" content=\"summary_large_image\" \/>\n<meta name=\"twitter:label1\" content=\"Est. reading time\" \/>\n\t<meta name=\"twitter:data1\" content=\"2 minutes\" \/>\n<script type=\"application\/ld+json\" class=\"yoast-schema-graph\">{\"@context\":\"https:\/\/schema.org\",\"@graph\":[{\"@type\":\"WebPage\",\"@id\":\"http:\/\/3.99.116.8\/en\/blog\/\",\"url\":\"http:\/\/3.99.116.8\/en\/blog\/\",\"name\":\"Blog : Garanties prolong\u00e9es pour v\u00e9hicules usag\u00e9s | Track Garantie\",\"isPartOf\":{\"@id\":\"https:\/\/www.trackgarantie.com\/#website\"},\"primaryImageOfPage\":{\"@id\":\"http:\/\/3.99.116.8\/en\/blog\/#primaryimage\"},\"image\":{\"@id\":\"http:\/\/3.99.116.8\/en\/blog\/#primaryimage\"},\"thumbnailUrl\":\"http:\/\/www.trackgarantie.com\/wp-content\/uploads\/2025\/03\/logo-track-sticky.png\",\"datePublished\":\"2020-10-21T12:49:48+00:00\",\"dateModified\":\"2025-03-04T20:10:38+00:00\",\"description\":\"Blog: Extended Warranties for Used Vehicles | Track Guarantee\",\"inLanguage\":\"en-US\",\"potentialAction\":[{\"@type\":\"ReadAction\",\"target\":[\"http:\/\/3.99.116.8\/en\/blog\/\"]}]},{\"@type\":\"ImageObject\",\"inLanguage\":\"en-US\",\"@id\":\"http:\/\/3.99.116.8\/en\/blog\/#primaryimage\",\"url\":\"http:\/\/www.trackgarantie.com\/wp-content\/uploads\/2025\/03\/logo-track-sticky.png\",\"contentUrl\":\"http:\/\/www.trackgarantie.com\/wp-content\/uploads\/2025\/03\/logo-track-sticky.png\"},{\"@type\":\"WebSite\",\"@id\":\"https:\/\/www.trackgarantie.com\/#website\",\"url\":\"https:\/\/www.trackgarantie.com\/\",\"name\":\"Track Garantie\",\"description\":\"\",\"potentialAction\":[{\"@type\":\"SearchAction\",\"target\":{\"@type\":\"EntryPoint\",\"urlTemplate\":\"https:\/\/www.trackgarantie.com\/?s={search_term_string}\"},\"query-input\":{\"@type\":\"PropertyValueSpecification\",\"valueRequired\":true,\"valueName\":\"search_term_string\"}}],\"inLanguage\":\"en-US\"}]}<\/script>\n<!-- \/ Yoast SEO plugin. -->","yoast_head_json":{"title":"Blog : Garanties prolong\u00e9es pour v\u00e9hicules usag\u00e9s | Track Garantie","description":"Blog: Extended Warranties for Used Vehicles | Track Guarantee","robots":{"index":"index","follow":"follow","max-snippet":"max-snippet:-1","max-image-preview":"max-image-preview:large","max-video-preview":"max-video-preview:-1"},"canonical":"http:\/\/3.99.116.8\/en\/blog\/","og_locale":"en_US","og_type":"article","og_title":"Blog : Garanties prolong\u00e9es pour v\u00e9hicules usag\u00e9s | Track Garantie","og_description":"Blog: Extended Warranties for Used Vehicles | Track Guarantee","og_url":"http:\/\/3.99.116.8\/en\/blog\/","og_site_name":"Track Garantie","article_modified_time":"2025-03-04T20:10:38+00:00","og_image":[{"url":"http:\/\/www.trackgarantie.com\/wp-content\/uploads\/2025\/03\/logo-track-sticky.png","type":"","width":"","height":""}],"twitter_card":"summary_large_image","twitter_misc":{"Est. reading time":"2 minutes"},"schema":{"@context":"https:\/\/schema.org","@graph":[{"@type":"WebPage","@id":"http:\/\/3.99.116.8\/en\/blog\/","url":"http:\/\/3.99.116.8\/en\/blog\/","name":"Blog : Garanties prolong\u00e9es pour v\u00e9hicules usag\u00e9s | Track Garantie","isPartOf":{"@id":"https:\/\/www.trackgarantie.com\/#website"},"primaryImageOfPage":{"@id":"http:\/\/3.99.116.8\/en\/blog\/#primaryimage"},"image":{"@id":"http:\/\/3.99.116.8\/en\/blog\/#primaryimage"},"thumbnailUrl":"http:\/\/www.trackgarantie.com\/wp-content\/uploads\/2025\/03\/logo-track-sticky.png","datePublished":"2020-10-21T12:49:48+00:00","dateModified":"2025-03-04T20:10:38+00:00","description":"Blog: Extended Warranties for Used Vehicles | Track Guarantee","inLanguage":"en-US","potentialAction":[{"@type":"ReadAction","target":["http:\/\/3.99.116.8\/en\/blog\/"]}]},{"@type":"ImageObject","inLanguage":"en-US","@id":"http:\/\/3.99.116.8\/en\/blog\/#primaryimage","url":"http:\/\/www.trackgarantie.com\/wp-content\/uploads\/2025\/03\/logo-track-sticky.png","contentUrl":"http:\/\/www.trackgarantie.com\/wp-content\/uploads\/2025\/03\/logo-track-sticky.png"},{"@type":"WebSite","@id":"https:\/\/www.trackgarantie.com\/#website","url":"https:\/\/www.trackgarantie.com\/","name":"Track Garantie","description":"","potentialAction":[{"@type":"SearchAction","target":{"@type":"EntryPoint","urlTemplate":"https:\/\/www.trackgarantie.com\/?s={search_term_string}"},"query-input":{"@type":"PropertyValueSpecification","valueRequired":true,"valueName":"search_term_string"}}],"inLanguage":"en-US"}]}},"_links":{"self":[{"href":"http:\/\/3.99.116.8\/en\/wp-json\/wp\/v2\/pages\/2076"}],"collection":[{"href":"http:\/\/3.99.116.8\/en\/wp-json\/wp\/v2\/pages"}],"about":[{"href":"http:\/\/3.99.116.8\/en\/wp-json\/wp\/v2\/types\/page"}],"author":[{"embeddable":true,"href":"http:\/\/3.99.116.8\/en\/wp-json\/wp\/v2\/users\/1"}],"replies":[{"embeddable":true,"href":"http:\/\/3.99.116.8\/en\/wp-json\/wp\/v2\/comments?post=2076"}],"version-history":[{"count":13,"href":"http:\/\/3.99.116.8\/en\/wp-json\/wp\/v2\/pages\/2076\/revisions"}],"predecessor-version":[{"id":3361,"href":"http:\/\/3.99.116.8\/en\/wp-json\/wp\/v2\/pages\/2076\/revisions\/3361"}],"wp:attachment":[{"href":"http:\/\/3.99.116.8\/en\/wp-json\/wp\/v2\/media?parent=2076"}],"curies":[{"name":"wp","href":"https:\/\/api.w.org\/{rel}","templated":true}]}}